{"id":6,"date":"2025-06-12T13:23:14","date_gmt":"2025-06-12T13:23:14","guid":{"rendered":"http:\/\/learntoweb.net\/\/?page_id=6"},"modified":"2026-03-16T13:06:42","modified_gmt":"2026-03-16T13:06:42","slug":"home","status":"publish","type":"page","link":"https:\/\/interpack.ro\/en\/","title":{"rendered":"Home"},"content":{"rendered":"<p>[vc_section el_class=&#8221;no-margin no-padding&#8221;][vc_row el_class=&#8221;no-margin no-padding&#8221;][vc_column][vc_column_text css=&#8221;.vc_custom_1750079439912{margin-bottom: 0px !important;}&#8221;]<div id=\"metaslider-id-36\" style=\"width: 100%;\" class=\"ml-slider-3-103-0 metaslider metaslider-flex metaslider-36 ml-slider home-slider has-dots-nav ms-theme-default-base\" role=\"region\" aria-label=\"Home Slider\" data-height=\"605\" data-width=\"1920\">\n    <div id=\"metaslider_container_36\">\n        <div id=\"metaslider_36\">\n            <ul class='slides'>\n                <li style=\"display: block; width: 100%;\" class=\"slide-55 ms-image \" aria-roledescription=\"slide\" data-date=\"2025-06-16 12:11:54\" data-slide-type=\"image\"><img loading=\"lazy\" decoding=\"async\" src=\"https:\/\/interpack.ro\/en\/wp-content\/uploads\/2025\/12\/banner-2.png\" height=\"605\" width=\"1920\" alt=\"\" class=\"slider-36 slide-55 msDefaultImage\" title=\"banner 2\" \/><\/li>\n                <li style=\"display: none; width: 100%;\" class=\"slide-757 ms-image \" aria-roledescription=\"slide\" data-date=\"2025-09-17 09:58:08\" data-slide-type=\"image\"><img loading=\"lazy\" decoding=\"async\" src=\"https:\/\/interpack.ro\/en\/wp-content\/uploads\/2025\/12\/banner-colorat.png\" height=\"605\" width=\"1920\" alt=\"\" class=\"slider-36 slide-757 msDefaultImage\" title=\"banner colorat\" \/><\/li>\n                <li style=\"display: none; width: 100%;\" class=\"slide-758 ms-image \" aria-roledescription=\"slide\" data-date=\"2025-09-17 09:58:12\" data-slide-type=\"image\"><img loading=\"lazy\" decoding=\"async\" src=\"https:\/\/interpack.ro\/en\/wp-content\/uploads\/2026\/03\/banner-cutii.png\" height=\"605\" width=\"1920\" alt=\"\" class=\"slider-36 slide-758 msDefaultImage\" title=\"banner-cutii\" \/><\/li>\n            <\/ul>\n        <\/div>\n        \n    <\/div>\n<\/div>[\/vc_column_text][\/vc_column][\/vc_row][\/vc_section][vc_section css=&#8221;.vc_custom_1764516287963{margin-top: 0px !important;margin-bottom: 0px !important;padding-top: 0px !important;background-color: #ffffff !important;background-position: center !important;background-repeat: no-repeat !important;background-size: cover !important;}&#8221; el_class=&#8221;no-margin&#8221;][vc_row el_class=&#8221;container&#8221; css=&#8221;.vc_custom_1764515996185{margin-bottom: 25px !important;padding-top: 40px !important;background-color: #ffffff !important;}&#8221;][vc_column el_class=&#8221;mobile-content&#8221; css=&#8221;.vc_custom_1764515926359{padding-top: 0px !important;padding-right: 30px !important;padding-left: 30px !important;}&#8221;][vc_custom_heading text=&#8221;Dedica\u021bi excelen\u021bei \u00een<br \/>\nambalare (Translate to EN)&#8221; font_container=&#8221;tag:h2|font_size:48|text_align:left|color:%23b22830|line_height:1.2&#8243; use_theme_fonts=&#8221;yes&#8221; el_class=&#8221;mobile-content-title&#8221;][vc_custom_heading text=&#8221;Cu o experien\u021b\u0103 solid\u0103 \u0219i pasiune pentru inova\u021bie, Interpack \u00ee\u021bi ofer\u0103 solu\u021bii<br \/>\ncomplete de ambalare, adaptate fiec\u0103rei afaceri. Descoper\u0103 echipa noastr\u0103 \u0219i<br \/>\nangajamentul pentru calitate \u2013 ne m\u00e2ndrim cu fiecare proiect!&#8221; font_container=&#8221;tag:p|font_size:16|text_align:left|color:%23414042&#8243; use_theme_fonts=&#8221;yes&#8221; el_class=&#8221;mobile-content-description mobile-content-description&#8211;semi-transparent&#8221; css=&#8221;.vc_custom_1764516111956{margin-top: 20px !important;margin-bottom: 40px !important;}&#8221;][vc_btn title=&#8221;Vezi mai mult&#8221; style=&#8221;custom&#8221; custom_background=&#8221;#b22830&#8243; custom_text=&#8221;#ffffff&#8221; shape=&#8221;square&#8221; link=&#8221;url:%2Fcompania%2F|title:Compania&#8221; el_class=&#8221;button-text-center&#8221;][\/vc_column][\/vc_row][\/vc_section][vc_section el_class=&#8221;no-margin no-padding&#8221;][vc_row equal_height=&#8221;yes&#8221; el_class=&#8221;no-margin no-padding&#8221;][vc_column width=&#8221;1\/4&#8243; el_class=&#8221;home-article-column&#8221;][vc_single_image image=&#8221;778&#8243; img_size=&#8221;full&#8221; onclick=&#8221;custom_link&#8221; css=&#8221;.vc_custom_1772543290499{margin-bottom: 0px !important;}&#8221; el_class=&#8221;home-article-image&#8221; link=&#8221;https:\/\/interpack.ro\/\/cutii-bag-in-box\/&#8221;][vc_custom_heading text=&#8221;Cutii Bag in Box&#8221; font_container=&#8221;tag:h3|font_size:30|text_align:center|color:%23ffffff&#8221; use_theme_fonts=&#8221;yes&#8221; el_class=&#8221;home-article-subtitle&#8221; link=&#8221;url:https%3A%2F%2Flearntoweb.net%2Fpresentation%2Finterpack%2Fcutii-bag-in-box%2F&#8221;][\/vc_column][vc_column width=&#8221;1\/4&#8243; el_class=&#8221;home-article-column&#8221;][vc_single_image image=&#8221;779&#8243; img_size=&#8221;full&#8221; onclick=&#8221;custom_link&#8221; el_class=&#8221;home-article-image&#8221; css=&#8221;.vc_custom_1772705502614{margin-bottom: 0px !important;}&#8221; link=&#8221;https:\/\/interpack.ro\/\/fast-food\/&#8221;][vc_custom_heading text=&#8221;Cutii Fast Food&#8221; font_container=&#8221;tag:h3|font_size:30|text_align:center|color:%23ffffff&#8221; use_theme_fonts=&#8221;yes&#8221; el_class=&#8221;home-article-subtitle&#8221; link=&#8221;url:https%3A%2F%2Flearntoweb.net%2Fpresentation%2Finterpack%2Ffast-food%2F&#8221;][\/vc_column][vc_column width=&#8221;1\/4&#8243; el_class=&#8221;home-article-column&#8221;][vc_single_image image=&#8221;780&#8243; img_size=&#8221;full&#8221; onclick=&#8221;custom_link&#8221; el_class=&#8221;home-article-image&#8221; css=&#8221;.vc_custom_1765710731321{margin-bottom: 0px !important;}&#8221; link=&#8221;https:\/\/interpack.ro\/\/take-away\/&#8221;][vc_custom_heading text=&#8221;T\u0103vi\u021be&#8221; font_container=&#8221;tag:h3|font_size:30|text_align:center|color:%23ffffff&#8221; use_theme_fonts=&#8221;yes&#8221; el_class=&#8221;home-article-subtitle&#8221; link=&#8221;url:https%3A%2F%2Flearntoweb.net%2Fpresentation%2Finterpack%2Ftake-away%2F&#8221;][\/vc_column][vc_column width=&#8221;1\/4&#8243; el_class=&#8221;home-article-column&#8221;][vc_single_image image=&#8221;781&#8243; img_size=&#8221;full&#8221; onclick=&#8221;custom_link&#8221; el_class=&#8221;home-article-image&#8221; css=&#8221;.vc_custom_1765710807373{margin-bottom: 0px !important;}&#8221; link=&#8221;https:\/\/interpack.ro\/\/cutii-pentru-ciocolata-si-dulciuri\/&#8221;][vc_custom_heading text=&#8221;Cutii dulciuri&#8221; font_container=&#8221;tag:h3|font_size:30|text_align:center|color:%23ffffff&#8221; use_theme_fonts=&#8221;yes&#8221; el_class=&#8221;home-article-subtitle&#8221; link=&#8221;url:https%3A%2F%2Flearntoweb.net%2Fpresentation%2Finterpack%2Fcutii-pentru-ciocolata-si-dulciuri%2F&#8221;][\/vc_column][\/vc_row][vc_row el_class=&#8221;no-margin no-padding&#8221;][vc_column width=&#8221;1\/4&#8243; el_class=&#8221;home-article-column&#8221;][vc_single_image image=&#8221;782&#8243; img_size=&#8221;full&#8221; onclick=&#8221;custom_link&#8221; el_class=&#8221;home-article-image&#8221; css=&#8221;.vc_custom_1765710861674{margin-bottom: 0px !important;}&#8221; link=&#8221;https:\/\/interpack.ro\/\/cutii-pentru-produse-congelate\/&#8221;][vc_custom_heading text=&#8221;Cutii produse congelate&#8221; font_container=&#8221;tag:h3|font_size:30|text_align:center|color:%23ffffff&#8221; use_theme_fonts=&#8221;yes&#8221; el_class=&#8221;home-article-subtitle&#8221; link=&#8221;url:https%3A%2F%2Flearntoweb.net%2Fpresentation%2Finterpack%2Fcutii-pentru-produse-congelate%2F&#8221;][\/vc_column][vc_column width=&#8221;1\/4&#8243; el_class=&#8221;home-article-column&#8221;][vc_single_image image=&#8221;783&#8243; img_size=&#8221;full&#8221; onclick=&#8221;custom_link&#8221; el_class=&#8221;home-article-image&#8221; css=&#8221;.vc_custom_1772706370065{margin-bottom: 0px !important;}&#8221; link=&#8221;https:\/\/interpack.ro\/\/ambalaje-industriale\/&#8221;][vc_custom_heading text=&#8221;Cutii Industriale&#8221; font_container=&#8221;tag:h3|font_size:30|text_align:center|color:%23ffffff&#8221; use_theme_fonts=&#8221;yes&#8221; el_class=&#8221;home-article-subtitle&#8221; link=&#8221;url:https%3A%2F%2Flearntoweb.net%2Fpresentation%2Finterpack%2Fambalaje-industriale%2F&#8221;][\/vc_column][vc_column width=&#8221;1\/4&#8243; el_class=&#8221;home-article-column&#8221;][vc_single_image image=&#8221;784&#8243; img_size=&#8221;full&#8221; onclick=&#8221;custom_link&#8221; el_class=&#8221;home-article-image&#8221; css=&#8221;.vc_custom_1765710953750{margin-bottom: 0px !important;}&#8221; link=&#8221;https:\/\/interpack.ro\/\/cutii-pentru-incaltaminte\/&#8221;][vc_custom_heading text=&#8221;Cutii pantofi&#8221; font_container=&#8221;tag:h3|font_size:30|text_align:center|color:%23ffffff&#8221; use_theme_fonts=&#8221;yes&#8221; el_class=&#8221;home-article-subtitle&#8221; link=&#8221;url:https%3A%2F%2Flearntoweb.net%2Fpresentation%2Finterpack%2Fcutii-pentru-incaltaminte%2F&#8221;][\/vc_column][vc_column width=&#8221;1\/4&#8243; el_class=&#8221;home-article-column&#8221;][vc_single_image image=&#8221;785&#8243; img_size=&#8221;full&#8221; onclick=&#8221;custom_link&#8221; el_class=&#8221;home-article-image&#8221; css=&#8221;.vc_custom_1765711037676{margin-bottom: 0px !important;}&#8221; link=&#8221;https:\/\/interpack.ro\/\/cutii-pentru-ceaiuri\/&#8221;][vc_custom_heading text=&#8221;Cutii suplimente alimentare si ceaiuri&#8221; font_container=&#8221;tag:h3|font_size:30|text_align:center|color:%23ffffff&#8221; use_theme_fonts=&#8221;yes&#8221; el_class=&#8221;home-article-subtitle&#8221; link=&#8221;url:https%3A%2F%2Flearntoweb.net%2Fpresentation%2Finterpack%2Fcutii-pentru-ceaiuri%2F&#8221;][\/vc_column][\/vc_row][\/vc_section][vc_section css=&#8221;.vc_custom_1764516625929{background-color: #efefef !important;}&#8221; el_class=&#8221;no-margin&#8221;][vc_row content_placement=&#8221;middle&#8221; el_class=&#8221;container&#8221;][vc_column width=&#8221;1\/2&#8243; el_class=&#8221;mobile-content&#8221;][vc_custom_heading text=&#8221;Calitate garantat\u0103,<br \/>\ncertificat\u0103 la standarde<br \/>\n\u00eenalte&#8221; font_container=&#8221;tag:h2|font_size:48|text_align:left|color:%23414042|line_height:1.2&#8243; use_theme_fonts=&#8221;yes&#8221;][vc_custom_heading text=&#8221;La Interpack, calitatea \u0219i siguran\u021ba sunt priorit\u0103\u021bi absolute. Exploreaz\u0103<br \/>\ncertific\u0103rile noastre \u0219i afl\u0103 cum ne asigur\u0103m c\u0103 fiecare produs \u00eendepline\u0219te<br \/>\ncele mai \u00eenalte standarde din industrie.&#8221; font_container=&#8221;tag:p|font_size:16|text_align:left|color:%23414042|line_height:1.6&#8243; use_theme_fonts=&#8221;yes&#8221; css=&#8221;.vc_custom_1764516830149{margin-top: 20px !important;margin-bottom: 40px !important;}&#8221;][vc_btn title=&#8221;Vezi mai mult&#8221; style=&#8221;custom&#8221; custom_background=&#8221;#b22830&#8243; custom_text=&#8221;#ffffff&#8221; shape=&#8221;square&#8221; link=&#8221;url:%2Fcompania%2F|title:Compania&#8221; el_class=&#8221;button-text-center&#8221;][\/vc_column][vc_column width=&#8221;1\/2&#8243;][vc_single_image image=&#8221;97&#8243; img_size=&#8221;full&#8221;][\/vc_column][\/vc_row][\/vc_section][vc_section disable_element=&#8221;yes&#8221; el_class=&#8221;no-margin no-padding&#8221; css=&#8221;.vc_custom_1765705745498{padding-top: 40px !important;padding-bottom: 40px !important;background-color: #b22830 !important;}&#8221;][vc_row el_class=&#8221;container&#8221;][vc_column width=&#8221;1\/4&#8243;][vc_single_image image=&#8221;108&#8243; img_size=&#8221;full&#8221; alignment=&#8221;center&#8221; css=&#8221;.vc_custom_1750083487771{margin-bottom: 20px !important;}&#8221;][vc_custom_heading text=&#8221;1000&#8243; font_container=&#8221;tag:h3|font_size:100|text_align:center|color:%23ffffff|line_height:1&#8243; use_theme_fonts=&#8221;yes&#8221; css=&#8221;.vc_custom_1750083494727{margin-bottom: 10px !important;}&#8221;][vc_custom_heading text=&#8221;comenzi finalizate&#8221; font_container=&#8221;tag:p|font_size:36|text_align:center|color:%23ffffff|line_height:1&#8243; use_theme_fonts=&#8221;yes&#8221; el_class=&#8221;mobile-statistic-info&#8221;][\/vc_column][vc_column width=&#8221;1\/4&#8243;][vc_single_image image=&#8221;113&#8243; img_size=&#8221;full&#8221; alignment=&#8221;center&#8221; css=&#8221;.vc_custom_1750083568864{margin-bottom: 20px !important;}&#8221;][vc_custom_heading text=&#8221;2000&#8243; font_container=&#8221;tag:h3|font_size:100|text_align:center|color:%23ffffff|line_height:1&#8243; use_theme_fonts=&#8221;yes&#8221; css=&#8221;.vc_custom_1750083608480{margin-bottom: 10px !important;}&#8221;][vc_custom_heading text=&#8221;clien\u021bi ferici\u021bi&#8221; font_container=&#8221;tag:p|font_size:36|text_align:center|color:%23ffffff|line_height:1&#8243; use_theme_fonts=&#8221;yes&#8221; el_class=&#8221;mobile-statistic-info&#8221;][\/vc_column][vc_column width=&#8221;1\/4&#8243;][vc_single_image image=&#8221;114&#8243; img_size=&#8221;full&#8221; alignment=&#8221;center&#8221; css=&#8221;.vc_custom_1750083579859{margin-bottom: 20px !important;}&#8221;][vc_custom_heading text=&#8221;20k&#8221; font_container=&#8221;tag:h3|font_size:100|text_align:center|color:%23ffffff|line_height:1&#8243; use_theme_fonts=&#8221;yes&#8221; css=&#8221;.vc_custom_1750083621644{margin-bottom: 10px !important;}&#8221;][vc_custom_heading text=&#8221;ore de munc\u0103&#8221; font_container=&#8221;tag:p|font_size:36|text_align:center|color:%23ffffff|line_height:1&#8243; use_theme_fonts=&#8221;yes&#8221; el_class=&#8221;mobile-statistic-info&#8221;][\/vc_column][vc_column width=&#8221;1\/4&#8243;][vc_single_image image=&#8221;115&#8243; img_size=&#8221;full&#8221; alignment=&#8221;center&#8221; css=&#8221;.vc_custom_1750083598303{margin-bottom: 20px !important;}&#8221;][vc_custom_heading text=&#8221;5k&#8221; font_container=&#8221;tag:h3|font_size:100|text_align:center|color:%23ffffff|line_height:1&#8243; use_theme_fonts=&#8221;yes&#8221; css=&#8221;.vc_custom_1750083631280{margin-bottom: 10px !important;}&#8221;][vc_custom_heading text=&#8221;tone de h\u00e2rtie&#8221; font_container=&#8221;tag:p|font_size:36|text_align:center|color:%23ffffff|line_height:1&#8243; use_theme_fonts=&#8221;yes&#8221; el_class=&#8221;mobile-statistic-info&#8221;][\/vc_column][\/vc_row][\/vc_section]<\/p>\n","protected":false},"excerpt":{"rendered":"<p>[vc_section el_class=&#8221;no-margin no-padding&#8221;][vc_row el_class=&#8221;no-margin no-padding&#8221;][vc_column][vc_column_text css=&#8221;.vc_custom_1750079439912{margin-bottom: 0px !important;}&#8221;][\/vc_column_text][\/vc_column][\/vc_row][\/vc_section][vc_section css=&#8221;.vc_custom_1764516287963{margin-top: 0px !important;margin-bottom: 0px !important;padding-top: 0px !important;background-color: #ffffff !important;background-position: center !important;background-repeat: no-repeat !important;background-size: cover !important;}&#8221; el_class=&#8221;no-margin&#8221;][vc_row el_class=&#8221;container&#8221; css=&#8221;.vc_custom_1764515996185{margin-bottom: 25px !important;padding-top: 40px !important;background-color: #ffffff !important;}&#8221;][vc_column el_class=&#8221;mobile-content&#8221; css=&#8221;.vc_custom_1764515926359{padding-top: 0px !important;padding-right: 30px !important;padding-left: 30px !important;}&#8221;][vc_custom_heading text=&#8221;Dedica\u021bi excelen\u021bei \u00een ambalare (Translate to EN)&#8221; font_container=&#8221;tag:h2|font_size:48|text_align:left|color:%23b22830|line_height:1.2&#8243; use_theme_fonts=&#8221;yes&#8221; el_class=&#8221;mobile-content-title&#8221;][vc_custom_heading text=&#8221;Cu o experien\u021b\u0103 solid\u0103 \u0219i [&hellip;]<\/p>\n","protected":false},"author":1,"featured_media":0,"parent":0,"menu_order":0,"comment_status":"closed","ping_status":"closed","template":"","meta":{"_acf_changed":false,"footnotes":""},"class_list":["post-6","page","type-page","status-publish","hentry"],"acf":[],"_links":{"self":[{"href":"https:\/\/interpack.ro\/en\/wp-json\/wp\/v2\/pages\/6","targetHints":{"allow":["GET"]}}],"collection":[{"href":"https:\/\/interpack.ro\/en\/wp-json\/wp\/v2\/pages"}],"about":[{"href":"https:\/\/interpack.ro\/en\/wp-json\/wp\/v2\/types\/page"}],"author":[{"embeddable":true,"href":"https:\/\/interpack.ro\/en\/wp-json\/wp\/v2\/users\/1"}],"replies":[{"embeddable":true,"href":"https:\/\/interpack.ro\/en\/wp-json\/wp\/v2\/comments?post=6"}],"version-history":[{"count":114,"href":"https:\/\/interpack.ro\/en\/wp-json\/wp\/v2\/pages\/6\/revisions"}],"predecessor-version":[{"id":1315,"href":"https:\/\/interpack.ro\/en\/wp-json\/wp\/v2\/pages\/6\/revisions\/1315"}],"wp:attachment":[{"href":"https:\/\/interpack.ro\/en\/wp-json\/wp\/v2\/media?parent=6"}],"curies":[{"name":"wp","href":"https:\/\/api.w.org\/{rel}","templated":true}]}}